{"id":158,"date":"2020-05-25T10:24:38","date_gmt":"2020-05-25T08:24:38","guid":{"rendered":"https:\/\/www.aventure.ignasicambra.com\/?post_type=product&#038;p=158"},"modified":"2020-05-25T10:24:38","modified_gmt":"2020-05-25T08:24:38","slug":"colchon-de-viaje","status":"publish","type":"product","link":"https:\/\/www.aventure.ignasicambra.com\/en\/product\/colchon-de-viaje\/","title":{"rendered":"Colch\u00f3n de viaje"},"content":{"rendered":"<p>Colch\u00f3n de viaje de dise\u00f1o en dos tonos &#8211; En poli\u00e9ster + sherpa &#8211; Dimensiones: 80&#215;50 cm &#8211; Color: negro y gris &#8211; Para perros.<\/p>","protected":false},"excerpt":{"rendered":"<p>Colch\u00f3n de viaje de dise\u00f1o en dos tonos<\/p>","protected":false},"featured_media":159,"comment_status":"open","ping_status":"closed","template":"","meta":[],"product_brand":[],"product_cat":[15],"product_tag":[],"class_list":{"0":"post-158","1":"product","2":"type-product","3":"status-publish","4":"has-post-thumbnail","6":"product_cat-sin-categorizar","8":"first","9":"instock","10":"sale","11":"shipping-taxable","12":"purchasable","13":"product-type-simple"},"jetpack_sharing_enabled":true,"_links":{"self":[{"href":"https:\/\/www.aventure.ignasicambra.com\/en\/wp-json\/wp\/v2\/product\/158","targetHints":{"allow":["GET"]}}],"collection":[{"href":"https:\/\/www.aventure.ignasicambra.com\/en\/wp-json\/wp\/v2\/product"}],"about":[{"href":"https:\/\/www.aventure.ignasicambra.com\/en\/wp-json\/wp\/v2\/types\/product"}],"replies":[{"embeddable":true,"href":"https:\/\/www.aventure.ignasicambra.com\/en\/wp-json\/wp\/v2\/comments?post=158"}],"wp:featuredmedia":[{"embeddable":true,"href":"https:\/\/www.aventure.ignasicambra.com\/en\/wp-json\/wp\/v2\/media\/159"}],"wp:attachment":[{"href":"https:\/\/www.aventure.ignasicambra.com\/en\/wp-json\/wp\/v2\/media?parent=158"}],"wp:term":[{"taxonomy":"product_brand","embeddable":true,"href":"https:\/\/www.aventure.ignasicambra.com\/en\/wp-json\/wp\/v2\/product_brand?post=158"},{"taxonomy":"product_cat","embeddable":true,"href":"https:\/\/www.aventure.ignasicambra.com\/en\/wp-json\/wp\/v2\/product_cat?post=158"},{"taxonomy":"product_tag","embeddable":true,"href":"https:\/\/www.aventure.ignasicambra.com\/en\/wp-json\/wp\/v2\/product_tag?post=158"}],"curies":[{"name":"wp","href":"https:\/\/api.w.org\/{rel}","templated":true}]}}