{"id":162,"date":"2020-05-25T11:07:58","date_gmt":"2020-05-25T09:07:58","guid":{"rendered":"https:\/\/www.aventure.ignasicambra.com\/?post_type=product&#038;p=162"},"modified":"2020-05-25T11:23:42","modified_gmt":"2020-05-25T09:23:42","slug":"detector-de-movimiento-para-hogares-con-perros","status":"publish","type":"product","link":"https:\/\/www.aventure.ignasicambra.com\/en\/product\/detector-de-movimiento-para-hogares-con-perros\/","title":{"rendered":"Detector de intrusos"},"content":{"rendered":"<p>Detector de movimiento SOMFY: para hogares con perros. Seguridad del h\u00e1bitat contra intrusiones &#8211; Inmunidad a los animales dom\u00e9sticos &#8211; Buena integraci\u00f3n en el h\u00e1bitat &#8211; Para detectar cualquier presencia en una habitaci\u00f3n desde 1 m sobre el suelo &#8211; Ideal para proteger una habitaci\u00f3n sin detectar la presencia de perro.<\/p>","protected":false},"excerpt":{"rendered":"<p>Detector de movimiento SOMFY: para hogares con perros. Seguridad del h\u00e1bitat contra intrusiones<\/p>","protected":false},"featured_media":163,"comment_status":"open","ping_status":"closed","template":"","meta":[],"product_brand":[],"product_cat":[15],"product_tag":[],"class_list":{"0":"post-162","1":"product","2":"type-product","3":"status-publish","4":"has-post-thumbnail","6":"product_cat-sin-categorizar","8":"first","9":"instock","10":"sale","11":"shipping-taxable","12":"purchasable","13":"product-type-simple"},"jetpack_sharing_enabled":true,"_links":{"self":[{"href":"https:\/\/www.aventure.ignasicambra.com\/en\/wp-json\/wp\/v2\/product\/162","targetHints":{"allow":["GET"]}}],"collection":[{"href":"https:\/\/www.aventure.ignasicambra.com\/en\/wp-json\/wp\/v2\/product"}],"about":[{"href":"https:\/\/www.aventure.ignasicambra.com\/en\/wp-json\/wp\/v2\/types\/product"}],"replies":[{"embeddable":true,"href":"https:\/\/www.aventure.ignasicambra.com\/en\/wp-json\/wp\/v2\/comments?post=162"}],"wp:featuredmedia":[{"embeddable":true,"href":"https:\/\/www.aventure.ignasicambra.com\/en\/wp-json\/wp\/v2\/media\/163"}],"wp:attachment":[{"href":"https:\/\/www.aventure.ignasicambra.com\/en\/wp-json\/wp\/v2\/media?parent=162"}],"wp:term":[{"taxonomy":"product_brand","embeddable":true,"href":"https:\/\/www.aventure.ignasicambra.com\/en\/wp-json\/wp\/v2\/product_brand?post=162"},{"taxonomy":"product_cat","embeddable":true,"href":"https:\/\/www.aventure.ignasicambra.com\/en\/wp-json\/wp\/v2\/product_cat?post=162"},{"taxonomy":"product_tag","embeddable":true,"href":"https:\/\/www.aventure.ignasicambra.com\/en\/wp-json\/wp\/v2\/product_tag?post=162"}],"curies":[{"name":"wp","href":"https:\/\/api.w.org\/{rel}","templated":true}]}}